{"id":602,"date":"2019-07-17T16:30:31","date_gmt":"2019-07-17T21:30:31","guid":{"rendered":"http:\/\/erables.ca.productionspolar.com\/?page_id=602"},"modified":"2020-08-26T15:00:30","modified_gmt":"2020-08-26T20:00:30","slug":"living-domaine-des-erables","status":"publish","type":"page","link":"https:\/\/erables.ca\/en\/living-domaine-des-erables\/","title":{"rendered":"Living in Chateauguay"},"content":{"rendered":"<div id=\"cs-content\" class=\"cs-content\"><\/div>\n","protected":false},"excerpt":{"rendered":"<p>BEAUTIFUL APARTMENTS, A WELCOMING CITY! Ch\u00e2teauguay is located in Mont\u00e9r\u00e9gie.\u00a0 With its population of nearly 50,000, it offers a calm, peaceful and welcoming environment. Equipped with modern infrastructure, vast green spaces and local shops, Ch\u00e2teauguay has grown quickly in recent decades which has not stopped it from retaining its character and authenticity. Ch\u00e2teauguay is located 25 km from Montreal and &#8230; <\/p>\n<div><a href=\"https:\/\/erables.ca\/en\/living-domaine-des-erables\/\" class=\"more-link\">Read More<\/a><\/div>\n","protected":false},"author":1,"featured_media":0,"parent":0,"menu_order":0,"comment_status":"closed","ping_status":"closed","template":"template-blank-4.php","meta":{"footnotes":""},"class_list":["post-602","page","type-page","status-publish","hentry","no-post-thumbnail"],"yoast_head":"<!-- This site is optimized with the Yoast SEO plugin v27.4 - https:\/\/yoast.com\/product\/yoast-seo-wordpress\/ -->\n<title>Living in Chateauguay - APPARTEMENTS DE QUALIT&Eacute; &Agrave; CH&Acirc;TEAUGUAY<\/title>\n<meta name=\"description\" content=\"The apartments of Domaine des \u00c9rables are located in Chateauguay, close to all businesses, services and schools. Great quality of life and no car required.\" \/>\n<meta name=\"robots\" content=\"index, follow, max-snippet:-1, max-image-preview:large, max-video-preview:-1\" \/>\n<link rel=\"canonical\" href=\"https:\/\/erables.ca\/en\/living-domaine-des-erables\/\" \/>\n<meta property=\"og:locale\" content=\"en_US\" \/>\n<meta property=\"og:type\" content=\"article\" \/>\n<meta property=\"og:title\" content=\"Living in Chateauguay - APPARTEMENTS DE QUALIT&Eacute; &Agrave; CH&Acirc;TEAUGUAY\" \/>\n<meta property=\"og:description\" content=\"The apartments of Domaine des \u00c9rables are located in Chateauguay, close to all businesses, services and schools. Great quality of life and no car required.\" \/>\n<meta property=\"og:url\" content=\"https:\/\/erables.ca\/en\/living-domaine-des-erables\/\" \/>\n<meta property=\"og:site_name\" content=\"APPARTEMENTS DE QUALIT&Eacute; &Agrave; CH&Acirc;TEAUGUAY\" \/>\n<meta property=\"article:modified_time\" content=\"2020-08-26T20:00:30+00:00\" \/>\n<meta name=\"twitter:card\" content=\"summary_large_image\" \/>\n<meta name=\"twitter:label1\" content=\"Est. reading time\" \/>\n\t<meta name=\"twitter:data1\" content=\"1 minute\" \/>\n<script type=\"application\/ld+json\" class=\"yoast-schema-graph\">{\"@context\":\"https:\\\/\\\/schema.org\",\"@graph\":[{\"@type\":\"WebPage\",\"@id\":\"https:\\\/\\\/erables.ca\\\/en\\\/living-domaine-des-erables\\\/\",\"url\":\"https:\\\/\\\/erables.ca\\\/en\\\/living-domaine-des-erables\\\/\",\"name\":\"Living in Chateauguay - APPARTEMENTS DE QUALIT&Eacute; &Agrave; CH&Acirc;TEAUGUAY\",\"isPartOf\":{\"@id\":\"https:\\\/\\\/erables.ca\\\/en\\\/#website\"},\"datePublished\":\"2019-07-17T21:30:31+00:00\",\"dateModified\":\"2020-08-26T20:00:30+00:00\",\"description\":\"The apartments of Domaine des \u00c9rables are located in Chateauguay, close to all businesses, services and schools. Great quality of life and no car required.\",\"breadcrumb\":{\"@id\":\"https:\\\/\\\/erables.ca\\\/en\\\/living-domaine-des-erables\\\/#breadcrumb\"},\"inLanguage\":\"en-US\",\"potentialAction\":[{\"@type\":\"ReadAction\",\"target\":[\"https:\\\/\\\/erables.ca\\\/en\\\/living-domaine-des-erables\\\/\"]}]},{\"@type\":\"BreadcrumbList\",\"@id\":\"https:\\\/\\\/erables.ca\\\/en\\\/living-domaine-des-erables\\\/#breadcrumb\",\"itemListElement\":[{\"@type\":\"ListItem\",\"position\":1,\"name\":\"Accueil\",\"item\":\"https:\\\/\\\/erables.ca\\\/en\\\/\"},{\"@type\":\"ListItem\",\"position\":2,\"name\":\"Living in Chateauguay\"}]},{\"@type\":\"WebSite\",\"@id\":\"https:\\\/\\\/erables.ca\\\/en\\\/#website\",\"url\":\"https:\\\/\\\/erables.ca\\\/en\\\/\",\"name\":\"APPARTEMENTS DE QUALIT&Eacute; &Agrave; CH&Acirc;TEAUGUAY\",\"description\":\"LOUER UN APPARTEMENT AU DOMAINE DES &Eacute;RABLES\",\"potentialAction\":[{\"@type\":\"SearchAction\",\"target\":{\"@type\":\"EntryPoint\",\"urlTemplate\":\"https:\\\/\\\/erables.ca\\\/en\\\/?s={search_term_string}\"},\"query-input\":{\"@type\":\"PropertyValueSpecification\",\"valueRequired\":true,\"valueName\":\"search_term_string\"}}],\"inLanguage\":\"en-US\"}]}<\/script>\n<!-- \/ Yoast SEO plugin. -->","yoast_head_json":{"title":"Living in Chateauguay - APPARTEMENTS DE QUALIT&Eacute; &Agrave; CH&Acirc;TEAUGUAY","description":"The apartments of Domaine des \u00c9rables are located in Chateauguay, close to all businesses, services and schools. Great quality of life and no car required.","robots":{"index":"index","follow":"follow","max-snippet":"max-snippet:-1","max-image-preview":"max-image-preview:large","max-video-preview":"max-video-preview:-1"},"canonical":"https:\/\/erables.ca\/en\/living-domaine-des-erables\/","og_locale":"en_US","og_type":"article","og_title":"Living in Chateauguay - APPARTEMENTS DE QUALIT&Eacute; &Agrave; CH&Acirc;TEAUGUAY","og_description":"The apartments of Domaine des \u00c9rables are located in Chateauguay, close to all businesses, services and schools. Great quality of life and no car required.","og_url":"https:\/\/erables.ca\/en\/living-domaine-des-erables\/","og_site_name":"APPARTEMENTS DE QUALIT&Eacute; &Agrave; CH&Acirc;TEAUGUAY","article_modified_time":"2020-08-26T20:00:30+00:00","twitter_card":"summary_large_image","twitter_misc":{"Est. reading time":"1 minute"},"schema":{"@context":"https:\/\/schema.org","@graph":[{"@type":"WebPage","@id":"https:\/\/erables.ca\/en\/living-domaine-des-erables\/","url":"https:\/\/erables.ca\/en\/living-domaine-des-erables\/","name":"Living in Chateauguay - APPARTEMENTS DE QUALIT&Eacute; &Agrave; CH&Acirc;TEAUGUAY","isPartOf":{"@id":"https:\/\/erables.ca\/en\/#website"},"datePublished":"2019-07-17T21:30:31+00:00","dateModified":"2020-08-26T20:00:30+00:00","description":"The apartments of Domaine des \u00c9rables are located in Chateauguay, close to all businesses, services and schools. Great quality of life and no car required.","breadcrumb":{"@id":"https:\/\/erables.ca\/en\/living-domaine-des-erables\/#breadcrumb"},"inLanguage":"en-US","potentialAction":[{"@type":"ReadAction","target":["https:\/\/erables.ca\/en\/living-domaine-des-erables\/"]}]},{"@type":"BreadcrumbList","@id":"https:\/\/erables.ca\/en\/living-domaine-des-erables\/#breadcrumb","itemListElement":[{"@type":"ListItem","position":1,"name":"Accueil","item":"https:\/\/erables.ca\/en\/"},{"@type":"ListItem","position":2,"name":"Living in Chateauguay"}]},{"@type":"WebSite","@id":"https:\/\/erables.ca\/en\/#website","url":"https:\/\/erables.ca\/en\/","name":"APPARTEMENTS DE QUALIT&Eacute; &Agrave; CH&Acirc;TEAUGUAY","description":"LOUER UN APPARTEMENT AU DOMAINE DES &Eacute;RABLES","potentialAction":[{"@type":"SearchAction","target":{"@type":"EntryPoint","urlTemplate":"https:\/\/erables.ca\/en\/?s={search_term_string}"},"query-input":{"@type":"PropertyValueSpecification","valueRequired":true,"valueName":"search_term_string"}}],"inLanguage":"en-US"}]}},"_links":{"self":[{"href":"https:\/\/erables.ca\/en\/wp-json\/wp\/v2\/pages\/602","targetHints":{"allow":["GET"]}}],"collection":[{"href":"https:\/\/erables.ca\/en\/wp-json\/wp\/v2\/pages"}],"about":[{"href":"https:\/\/erables.ca\/en\/wp-json\/wp\/v2\/types\/page"}],"author":[{"embeddable":true,"href":"https:\/\/erables.ca\/en\/wp-json\/wp\/v2\/users\/1"}],"replies":[{"embeddable":true,"href":"https:\/\/erables.ca\/en\/wp-json\/wp\/v2\/comments?post=602"}],"version-history":[{"count":9,"href":"https:\/\/erables.ca\/en\/wp-json\/wp\/v2\/pages\/602\/revisions"}],"predecessor-version":[{"id":842,"href":"https:\/\/erables.ca\/en\/wp-json\/wp\/v2\/pages\/602\/revisions\/842"}],"wp:attachment":[{"href":"https:\/\/erables.ca\/en\/wp-json\/wp\/v2\/media?parent=602"}],"curies":[{"name":"wp","href":"https:\/\/api.w.org\/{rel}","templated":true}]}}